{"id":7052,"date":"2022-11-26T19:06:59","date_gmt":"2022-11-26T19:06:59","guid":{"rendered":"https:\/\/www.oliveoilborsh.com\/?post_type=product&#038;p=7052"},"modified":"2024-11-08T22:47:35","modified_gmt":"2024-11-08T22:47:35","slug":"vaj-ulliri-extra-i-virgjer-0-25l","status":"publish","type":"product","link":"https:\/\/www.oliveoilborsh.com\/en\/product\/vaj-ulliri-extra-i-virgjer-0-25l\/","title":{"rendered":"Olive Oil Extra Virgin (0.25 liter)"},"content":{"rendered":"<p>Maximal quality of the olive virgin oil.<\/p>\n<p>The production of the Ionian coast olives, <em>olive<\/em>\u00a0of the Kalinjot\u00a0<em>variety.<\/em><\/p>\n<p>Olive oil is produced only with pressing in the cold. This way of production saves in a maximal way nutritional values and originality in an excellent way.<\/p>","protected":false},"excerpt":{"rendered":"<p>Maximal quality of the olive virgin oil.<\/p>\n<p>The production of the Ionian coast olives, <em>olive<\/em>\u00a0of the Kalinjot\u00a0<em>variety.<\/em><\/p>","protected":false},"featured_media":7326,"comment_status":"open","ping_status":"closed","template":"","meta":[],"product_brand":[],"product_cat":[34],"product_tag":[],"class_list":{"0":"post-7052","1":"product","2":"type-product","3":"status-publish","4":"has-post-thumbnail","6":"product_cat-vaj-ekstra-i-virgjer","8":"first","9":"instock","10":"shipping-taxable","11":"product-type-simple"},"yoast_head":"<!-- This site is optimized with the Yoast SEO plugin v27.5 - https:\/\/yoast.com\/product\/yoast-seo-wordpress\/ -->\n<title>Vaj ulliri ekstra i virgj\u00ebr (0.25 lit\u00ebr) - Vaj Ulliri Borsh<\/title>\n<meta name=\"robots\" content=\"index, follow, max-snippet:-1, max-image-preview:large, max-video-preview:-1\" \/>\n<link rel=\"canonical\" href=\"https:\/\/www.oliveoilborsh.com\/en\/product\/vaj-ulliri-extra-i-virgjer-0-25l\/\" \/>\n<meta property=\"og:locale\" content=\"en_US\" \/>\n<meta property=\"og:type\" content=\"article\" \/>\n<meta property=\"og:title\" content=\"Vaj ulliri ekstra i virgj\u00ebr (0.25 lit\u00ebr) - Vaj Ulliri Borsh\" \/>\n<meta property=\"og:description\" content=\"Cil\u00ebsia maksimale e vajit ekstra t\u00eb virgj\u00ebr t\u00eb ullirit.  Prodhim i ullinjve t\u00eb bregdetit jonian, ulliri\u00a0i varietetit\u00a0Kalinjot.\" \/>\n<meta property=\"og:url\" content=\"https:\/\/www.oliveoilborsh.com\/en\/product\/vaj-ulliri-extra-i-virgjer-0-25l\/\" \/>\n<meta property=\"og:site_name\" content=\"Vaj Ulliri Borsh\" \/>\n<meta property=\"article:modified_time\" content=\"2024-11-08T22:47:35+00:00\" \/>\n<meta property=\"og:image\" content=\"https:\/\/www.oliveoilborsh.com\/wp-content\/uploads\/2022\/11\/1-1.jpg\" \/>\n\t<meta property=\"og:image:width\" content=\"600\" \/>\n\t<meta property=\"og:image:height\" content=\"900\" \/>\n\t<meta property=\"og:image:type\" content=\"image\/jpeg\" \/>\n<meta name=\"twitter:card\" content=\"summary_large_image\" \/>\n<meta name=\"twitter:label1\" content=\"Est. reading time\" \/>\n\t<meta name=\"twitter:data1\" content=\"1 minute\" \/>\n<script type=\"application\/ld+json\" class=\"yoast-schema-graph\">{\"@context\":\"https:\\\/\\\/schema.org\",\"@graph\":[{\"@type\":\"WebPage\",\"@id\":\"https:\\\/\\\/www.oliveoilborsh.com\\\/en\\\/product\\\/vaj-ulliri-extra-i-virgjer-0-25l\\\/\",\"url\":\"https:\\\/\\\/www.oliveoilborsh.com\\\/en\\\/product\\\/vaj-ulliri-extra-i-virgjer-0-25l\\\/\",\"name\":\"Vaj ulliri ekstra i virgj\u00ebr (0.25 lit\u00ebr) - Vaj Ulliri Borsh\",\"isPartOf\":{\"@id\":\"https:\\\/\\\/www.oliveoilborsh.com\\\/#website\"},\"primaryImageOfPage\":{\"@id\":\"https:\\\/\\\/www.oliveoilborsh.com\\\/en\\\/product\\\/vaj-ulliri-extra-i-virgjer-0-25l\\\/#primaryimage\"},\"image\":{\"@id\":\"https:\\\/\\\/www.oliveoilborsh.com\\\/en\\\/product\\\/vaj-ulliri-extra-i-virgjer-0-25l\\\/#primaryimage\"},\"thumbnailUrl\":\"https:\\\/\\\/www.oliveoilborsh.com\\\/wp-content\\\/uploads\\\/2022\\\/11\\\/1-1.jpg\",\"datePublished\":\"2022-11-26T19:06:59+00:00\",\"dateModified\":\"2024-11-08T22:47:35+00:00\",\"breadcrumb\":{\"@id\":\"https:\\\/\\\/www.oliveoilborsh.com\\\/en\\\/product\\\/vaj-ulliri-extra-i-virgjer-0-25l\\\/#breadcrumb\"},\"inLanguage\":\"en-US\",\"potentialAction\":[{\"@type\":\"ReadAction\",\"target\":[\"https:\\\/\\\/www.oliveoilborsh.com\\\/en\\\/product\\\/vaj-ulliri-extra-i-virgjer-0-25l\\\/\"]}]},{\"@type\":\"ImageObject\",\"inLanguage\":\"en-US\",\"@id\":\"https:\\\/\\\/www.oliveoilborsh.com\\\/en\\\/product\\\/vaj-ulliri-extra-i-virgjer-0-25l\\\/#primaryimage\",\"url\":\"https:\\\/\\\/www.oliveoilborsh.com\\\/wp-content\\\/uploads\\\/2022\\\/11\\\/1-1.jpg\",\"contentUrl\":\"https:\\\/\\\/www.oliveoilborsh.com\\\/wp-content\\\/uploads\\\/2022\\\/11\\\/1-1.jpg\",\"width\":600,\"height\":900},{\"@type\":\"BreadcrumbList\",\"@id\":\"https:\\\/\\\/www.oliveoilborsh.com\\\/en\\\/product\\\/vaj-ulliri-extra-i-virgjer-0-25l\\\/#breadcrumb\",\"itemListElement\":[{\"@type\":\"ListItem\",\"position\":1,\"name\":\"Kreu\",\"item\":\"https:\\\/\\\/www.oliveoilborsh.com\\\/\"},{\"@type\":\"ListItem\",\"position\":2,\"name\":\"Produkte\",\"item\":\"https:\\\/\\\/www.oliveoilborsh.com\\\/produkte\\\/\"},{\"@type\":\"ListItem\",\"position\":3,\"name\":\"Vaj ulliri ekstra i virgj\u00ebr (0.25 lit\u00ebr)\"}]},{\"@type\":\"WebSite\",\"@id\":\"https:\\\/\\\/www.oliveoilborsh.com\\\/#website\",\"url\":\"https:\\\/\\\/www.oliveoilborsh.com\\\/\",\"name\":\"Vaj Ulliri Borsh\",\"description\":\"Vaj Ulliri Borsh\",\"publisher\":{\"@id\":\"https:\\\/\\\/www.oliveoilborsh.com\\\/#organization\"},\"potentialAction\":[{\"@type\":\"SearchAction\",\"target\":{\"@type\":\"EntryPoint\",\"urlTemplate\":\"https:\\\/\\\/www.oliveoilborsh.com\\\/?s={search_term_string}\"},\"query-input\":{\"@type\":\"PropertyValueSpecification\",\"valueRequired\":true,\"valueName\":\"search_term_string\"}}],\"inLanguage\":\"en-US\"},{\"@type\":\"Organization\",\"@id\":\"https:\\\/\\\/www.oliveoilborsh.com\\\/#organization\",\"name\":\"Vaj Ulliri Borsh\",\"url\":\"https:\\\/\\\/www.oliveoilborsh.com\\\/\",\"logo\":{\"@type\":\"ImageObject\",\"inLanguage\":\"en-US\",\"@id\":\"https:\\\/\\\/www.oliveoilborsh.com\\\/#\\\/schema\\\/logo\\\/image\\\/\",\"url\":\"https:\\\/\\\/www.oliveoilborsh.com\\\/wp-content\\\/uploads\\\/2022\\\/11\\\/Logo-Y.HAJDINI.png\",\"contentUrl\":\"https:\\\/\\\/www.oliveoilborsh.com\\\/wp-content\\\/uploads\\\/2022\\\/11\\\/Logo-Y.HAJDINI.png\",\"width\":3965,\"height\":3402,\"caption\":\"Vaj Ulliri Borsh\"},\"image\":{\"@id\":\"https:\\\/\\\/www.oliveoilborsh.com\\\/#\\\/schema\\\/logo\\\/image\\\/\"}}]}<\/script>\n<!-- \/ Yoast SEO plugin. -->","yoast_head_json":{"title":"Vaj ulliri ekstra i virgj\u00ebr (0.25 lit\u00ebr) - Vaj Ulliri Borsh","robots":{"index":"index","follow":"follow","max-snippet":"max-snippet:-1","max-image-preview":"max-image-preview:large","max-video-preview":"max-video-preview:-1"},"canonical":"https:\/\/www.oliveoilborsh.com\/en\/product\/vaj-ulliri-extra-i-virgjer-0-25l\/","og_locale":"en_US","og_type":"article","og_title":"Vaj ulliri ekstra i virgj\u00ebr (0.25 lit\u00ebr) - Vaj Ulliri Borsh","og_description":"Cil\u00ebsia maksimale e vajit ekstra t\u00eb virgj\u00ebr t\u00eb ullirit.  Prodhim i ullinjve t\u00eb bregdetit jonian, ulliri\u00a0i varietetit\u00a0Kalinjot.","og_url":"https:\/\/www.oliveoilborsh.com\/en\/product\/vaj-ulliri-extra-i-virgjer-0-25l\/","og_site_name":"Vaj Ulliri Borsh","article_modified_time":"2024-11-08T22:47:35+00:00","og_image":[{"width":600,"height":900,"url":"https:\/\/www.oliveoilborsh.com\/wp-content\/uploads\/2022\/11\/1-1.jpg","type":"image\/jpeg"}],"twitter_card":"summary_large_image","twitter_misc":{"Est. reading time":"1 minute"},"schema":{"@context":"https:\/\/schema.org","@graph":[{"@type":"WebPage","@id":"https:\/\/www.oliveoilborsh.com\/en\/product\/vaj-ulliri-extra-i-virgjer-0-25l\/","url":"https:\/\/www.oliveoilborsh.com\/en\/product\/vaj-ulliri-extra-i-virgjer-0-25l\/","name":"Vaj ulliri ekstra i virgj\u00ebr (0.25 lit\u00ebr) - Vaj Ulliri Borsh","isPartOf":{"@id":"https:\/\/www.oliveoilborsh.com\/#website"},"primaryImageOfPage":{"@id":"https:\/\/www.oliveoilborsh.com\/en\/product\/vaj-ulliri-extra-i-virgjer-0-25l\/#primaryimage"},"image":{"@id":"https:\/\/www.oliveoilborsh.com\/en\/product\/vaj-ulliri-extra-i-virgjer-0-25l\/#primaryimage"},"thumbnailUrl":"https:\/\/www.oliveoilborsh.com\/wp-content\/uploads\/2022\/11\/1-1.jpg","datePublished":"2022-11-26T19:06:59+00:00","dateModified":"2024-11-08T22:47:35+00:00","breadcrumb":{"@id":"https:\/\/www.oliveoilborsh.com\/en\/product\/vaj-ulliri-extra-i-virgjer-0-25l\/#breadcrumb"},"inLanguage":"en-US","potentialAction":[{"@type":"ReadAction","target":["https:\/\/www.oliveoilborsh.com\/en\/product\/vaj-ulliri-extra-i-virgjer-0-25l\/"]}]},{"@type":"ImageObject","inLanguage":"en-US","@id":"https:\/\/www.oliveoilborsh.com\/en\/product\/vaj-ulliri-extra-i-virgjer-0-25l\/#primaryimage","url":"https:\/\/www.oliveoilborsh.com\/wp-content\/uploads\/2022\/11\/1-1.jpg","contentUrl":"https:\/\/www.oliveoilborsh.com\/wp-content\/uploads\/2022\/11\/1-1.jpg","width":600,"height":900},{"@type":"BreadcrumbList","@id":"https:\/\/www.oliveoilborsh.com\/en\/product\/vaj-ulliri-extra-i-virgjer-0-25l\/#breadcrumb","itemListElement":[{"@type":"ListItem","position":1,"name":"Kreu","item":"https:\/\/www.oliveoilborsh.com\/"},{"@type":"ListItem","position":2,"name":"Produkte","item":"https:\/\/www.oliveoilborsh.com\/produkte\/"},{"@type":"ListItem","position":3,"name":"Vaj ulliri ekstra i virgj\u00ebr (0.25 lit\u00ebr)"}]},{"@type":"WebSite","@id":"https:\/\/www.oliveoilborsh.com\/#website","url":"https:\/\/www.oliveoilborsh.com\/","name":"Oil Olive Borsh","description":"Oil Olive Borsh","publisher":{"@id":"https:\/\/www.oliveoilborsh.com\/#organization"},"potentialAction":[{"@type":"SearchAction","target":{"@type":"EntryPoint","urlTemplate":"https:\/\/www.oliveoilborsh.com\/?s={search_term_string}"},"query-input":{"@type":"PropertyValueSpecification","valueRequired":true,"valueName":"search_term_string"}}],"inLanguage":"en-US"},{"@type":"Organization","@id":"https:\/\/www.oliveoilborsh.com\/#organization","name":"Oil Olive Borsh","url":"https:\/\/www.oliveoilborsh.com\/","logo":{"@type":"ImageObject","inLanguage":"en-US","@id":"https:\/\/www.oliveoilborsh.com\/#\/schema\/logo\/image\/","url":"https:\/\/www.oliveoilborsh.com\/wp-content\/uploads\/2022\/11\/Logo-Y.HAJDINI.png","contentUrl":"https:\/\/www.oliveoilborsh.com\/wp-content\/uploads\/2022\/11\/Logo-Y.HAJDINI.png","width":3965,"height":3402,"caption":"Vaj Ulliri Borsh"},"image":{"@id":"https:\/\/www.oliveoilborsh.com\/#\/schema\/logo\/image\/"}}]}},"_links":{"self":[{"href":"https:\/\/www.oliveoilborsh.com\/en\/wp-json\/wp\/v2\/product\/7052","targetHints":{"allow":["GET"]}}],"collection":[{"href":"https:\/\/www.oliveoilborsh.com\/en\/wp-json\/wp\/v2\/product"}],"about":[{"href":"https:\/\/www.oliveoilborsh.com\/en\/wp-json\/wp\/v2\/types\/product"}],"replies":[{"embeddable":true,"href":"https:\/\/www.oliveoilborsh.com\/en\/wp-json\/wp\/v2\/comments?post=7052"}],"wp:featuredmedia":[{"embeddable":true,"href":"https:\/\/www.oliveoilborsh.com\/en\/wp-json\/wp\/v2\/media\/7326"}],"wp:attachment":[{"href":"https:\/\/www.oliveoilborsh.com\/en\/wp-json\/wp\/v2\/media?parent=7052"}],"wp:term":[{"taxonomy":"product_brand","embeddable":true,"href":"https:\/\/www.oliveoilborsh.com\/en\/wp-json\/wp\/v2\/product_brand?post=7052"},{"taxonomy":"product_cat","embeddable":true,"href":"https:\/\/www.oliveoilborsh.com\/en\/wp-json\/wp\/v2\/product_cat?post=7052"},{"taxonomy":"product_tag","embeddable":true,"href":"https:\/\/www.oliveoilborsh.com\/en\/wp-json\/wp\/v2\/product_tag?post=7052"}],"curies":[{"name":"wp","href":"https:\/\/api.w.org\/{rel}","templated":true}]}}