{"id":7030,"date":"2022-11-25T09:55:13","date_gmt":"2022-11-25T09:55:13","guid":{"rendered":"https:\/\/www.oliveoilborsh.com\/?post_type=product&#038;p=7030"},"modified":"2022-12-08T10:09:18","modified_gmt":"2022-12-08T10:09:18","slug":"vaj-ulliri-i-virgjer","status":"publish","type":"product","link":"https:\/\/www.oliveoilborsh.com\/en\/product\/vaj-ulliri-i-virgjer\/","title":{"rendered":"Olive Oil Extra Virgin (1 liter)"},"content":{"rendered":"<p><em>Olive oil extra virgin<\/em>, is the olive juice obtained in a natural way and doesn\u2019t change from the temperature, disolvents or chemicals.<\/p>\n<p>Olive oil is produced only with pressing in the cold. This way of production saves in a maximal way nutritional values and originality in an excellent way.<\/p>\n<p><strong>This product is exported in America<\/strong><\/p>","protected":false},"excerpt":{"rendered":"<p><em>Olive oil extra virgin<\/em>, is the olive juice obtained in a natural way and doesn\u2019t change from the temperature, disolvents or chemicals.<\/p>","protected":false},"featured_media":7031,"comment_status":"open","ping_status":"closed","template":"","meta":[],"product_brand":[],"product_cat":[34],"product_tag":[],"class_list":{"0":"post-7030","1":"product","2":"type-product","3":"status-publish","4":"has-post-thumbnail","6":"product_cat-vaj-ekstra-i-virgjer","8":"first","9":"instock","10":"shipping-taxable","11":"product-type-simple"},"yoast_head":"<!-- This site is optimized with the Yoast SEO plugin v27.4 - https:\/\/yoast.com\/product\/yoast-seo-wordpress\/ -->\n<title>Vaj ulliri ekstra i virgj\u00ebr (1 lit\u00ebr) - Vaj Ulliri Borsh<\/title>\n<meta name=\"robots\" content=\"index, follow, max-snippet:-1, max-image-preview:large, max-video-preview:-1\" \/>\n<link rel=\"canonical\" href=\"https:\/\/www.oliveoilborsh.com\/en\/product\/vaj-ulliri-i-virgjer\/\" \/>\n<meta property=\"og:locale\" content=\"en_US\" \/>\n<meta property=\"og:type\" content=\"article\" \/>\n<meta property=\"og:title\" content=\"Vaj ulliri ekstra i virgj\u00ebr (1 lit\u00ebr) - Vaj Ulliri Borsh\" \/>\n<meta property=\"og:description\" content=\"Vaji i ullirit ekstra i virgj\u00ebr, \u00ebsht\u00eb l\u00ebngu i ullirit i p\u00ebrftuar n\u00eb m\u00ebnyr\u00eb natyrale dhe nuk shnd\u00ebrrohet nga temperatura, tret\u00ebsit apo kimikatet.\" \/>\n<meta property=\"og:url\" content=\"https:\/\/www.oliveoilborsh.com\/en\/product\/vaj-ulliri-i-virgjer\/\" \/>\n<meta property=\"og:site_name\" content=\"Vaj Ulliri Borsh\" \/>\n<meta property=\"article:modified_time\" content=\"2022-12-08T10:09:18+00:00\" \/>\n<meta property=\"og:image\" content=\"https:\/\/www.oliveoilborsh.com\/wp-content\/uploads\/2022\/11\/7.jpg\" \/>\n\t<meta property=\"og:image:width\" content=\"600\" \/>\n\t<meta property=\"og:image:height\" content=\"900\" \/>\n\t<meta property=\"og:image:type\" content=\"image\/jpeg\" \/>\n<meta name=\"twitter:card\" content=\"summary_large_image\" \/>\n<meta name=\"twitter:label1\" content=\"Est. reading time\" \/>\n\t<meta name=\"twitter:data1\" content=\"1 minute\" \/>\n<script type=\"application\/ld+json\" class=\"yoast-schema-graph\">{\"@context\":\"https:\\\/\\\/schema.org\",\"@graph\":[{\"@type\":\"WebPage\",\"@id\":\"https:\\\/\\\/www.oliveoilborsh.com\\\/en\\\/product\\\/vaj-ulliri-i-virgjer\\\/\",\"url\":\"https:\\\/\\\/www.oliveoilborsh.com\\\/en\\\/product\\\/vaj-ulliri-i-virgjer\\\/\",\"name\":\"Vaj ulliri ekstra i virgj\u00ebr (1 lit\u00ebr) - Vaj Ulliri Borsh\",\"isPartOf\":{\"@id\":\"http:\\\/\\\/www.oliveoilborsh.com\\\/#website\"},\"primaryImageOfPage\":{\"@id\":\"https:\\\/\\\/www.oliveoilborsh.com\\\/en\\\/product\\\/vaj-ulliri-i-virgjer\\\/#primaryimage\"},\"image\":{\"@id\":\"https:\\\/\\\/www.oliveoilborsh.com\\\/en\\\/product\\\/vaj-ulliri-i-virgjer\\\/#primaryimage\"},\"thumbnailUrl\":\"https:\\\/\\\/www.oliveoilborsh.com\\\/wp-content\\\/uploads\\\/2022\\\/11\\\/7.jpg\",\"datePublished\":\"2022-11-25T09:55:13+00:00\",\"dateModified\":\"2022-12-08T10:09:18+00:00\",\"breadcrumb\":{\"@id\":\"https:\\\/\\\/www.oliveoilborsh.com\\\/en\\\/product\\\/vaj-ulliri-i-virgjer\\\/#breadcrumb\"},\"inLanguage\":\"en-US\",\"potentialAction\":[{\"@type\":\"ReadAction\",\"target\":[\"https:\\\/\\\/www.oliveoilborsh.com\\\/en\\\/product\\\/vaj-ulliri-i-virgjer\\\/\"]}]},{\"@type\":\"ImageObject\",\"inLanguage\":\"en-US\",\"@id\":\"https:\\\/\\\/www.oliveoilborsh.com\\\/en\\\/product\\\/vaj-ulliri-i-virgjer\\\/#primaryimage\",\"url\":\"https:\\\/\\\/www.oliveoilborsh.com\\\/wp-content\\\/uploads\\\/2022\\\/11\\\/7.jpg\",\"contentUrl\":\"https:\\\/\\\/www.oliveoilborsh.com\\\/wp-content\\\/uploads\\\/2022\\\/11\\\/7.jpg\",\"width\":600,\"height\":900},{\"@type\":\"BreadcrumbList\",\"@id\":\"https:\\\/\\\/www.oliveoilborsh.com\\\/en\\\/product\\\/vaj-ulliri-i-virgjer\\\/#breadcrumb\",\"itemListElement\":[{\"@type\":\"ListItem\",\"position\":1,\"name\":\"Kreu\",\"item\":\"http:\\\/\\\/www.oliveoilborsh.com\\\/\"},{\"@type\":\"ListItem\",\"position\":2,\"name\":\"Produkte\",\"item\":\"http:\\\/\\\/www.oliveoilborsh.com\\\/produkte\\\/\"},{\"@type\":\"ListItem\",\"position\":3,\"name\":\"Vaj ulliri ekstra i virgj\u00ebr (1 lit\u00ebr)\"}]},{\"@type\":\"WebSite\",\"@id\":\"http:\\\/\\\/www.oliveoilborsh.com\\\/#website\",\"url\":\"http:\\\/\\\/www.oliveoilborsh.com\\\/\",\"name\":\"Vaj Ulliri Borsh\",\"description\":\"Vaj Ulliri Borsh\",\"publisher\":{\"@id\":\"http:\\\/\\\/www.oliveoilborsh.com\\\/#organization\"},\"potentialAction\":[{\"@type\":\"SearchAction\",\"target\":{\"@type\":\"EntryPoint\",\"urlTemplate\":\"http:\\\/\\\/www.oliveoilborsh.com\\\/?s={search_term_string}\"},\"query-input\":{\"@type\":\"PropertyValueSpecification\",\"valueRequired\":true,\"valueName\":\"search_term_string\"}}],\"inLanguage\":\"en-US\"},{\"@type\":\"Organization\",\"@id\":\"http:\\\/\\\/www.oliveoilborsh.com\\\/#organization\",\"name\":\"Vaj Ulliri Borsh\",\"url\":\"http:\\\/\\\/www.oliveoilborsh.com\\\/\",\"logo\":{\"@type\":\"ImageObject\",\"inLanguage\":\"en-US\",\"@id\":\"http:\\\/\\\/www.oliveoilborsh.com\\\/#\\\/schema\\\/logo\\\/image\\\/\",\"url\":\"https:\\\/\\\/www.oliveoilborsh.com\\\/wp-content\\\/uploads\\\/2022\\\/11\\\/Logo-Y.HAJDINI.png\",\"contentUrl\":\"https:\\\/\\\/www.oliveoilborsh.com\\\/wp-content\\\/uploads\\\/2022\\\/11\\\/Logo-Y.HAJDINI.png\",\"width\":3965,\"height\":3402,\"caption\":\"Vaj Ulliri Borsh\"},\"image\":{\"@id\":\"http:\\\/\\\/www.oliveoilborsh.com\\\/#\\\/schema\\\/logo\\\/image\\\/\"}}]}<\/script>\n<!-- \/ Yoast SEO plugin. -->","yoast_head_json":{"title":"Vaj ulliri ekstra i virgj\u00ebr (1 lit\u00ebr) - Vaj Ulliri Borsh","robots":{"index":"index","follow":"follow","max-snippet":"max-snippet:-1","max-image-preview":"max-image-preview:large","max-video-preview":"max-video-preview:-1"},"canonical":"https:\/\/www.oliveoilborsh.com\/en\/product\/vaj-ulliri-i-virgjer\/","og_locale":"en_US","og_type":"article","og_title":"Vaj ulliri ekstra i virgj\u00ebr (1 lit\u00ebr) - Vaj Ulliri Borsh","og_description":"Vaji i ullirit ekstra i virgj\u00ebr, \u00ebsht\u00eb l\u00ebngu i ullirit i p\u00ebrftuar n\u00eb m\u00ebnyr\u00eb natyrale dhe nuk shnd\u00ebrrohet nga temperatura, tret\u00ebsit apo kimikatet.","og_url":"https:\/\/www.oliveoilborsh.com\/en\/product\/vaj-ulliri-i-virgjer\/","og_site_name":"Vaj Ulliri Borsh","article_modified_time":"2022-12-08T10:09:18+00:00","og_image":[{"width":600,"height":900,"url":"https:\/\/www.oliveoilborsh.com\/wp-content\/uploads\/2022\/11\/7.jpg","type":"image\/jpeg"}],"twitter_card":"summary_large_image","twitter_misc":{"Est. reading time":"1 minute"},"schema":{"@context":"https:\/\/schema.org","@graph":[{"@type":"WebPage","@id":"https:\/\/www.oliveoilborsh.com\/en\/product\/vaj-ulliri-i-virgjer\/","url":"https:\/\/www.oliveoilborsh.com\/en\/product\/vaj-ulliri-i-virgjer\/","name":"Vaj ulliri ekstra i virgj\u00ebr (1 lit\u00ebr) - Vaj Ulliri Borsh","isPartOf":{"@id":"http:\/\/www.oliveoilborsh.com\/#website"},"primaryImageOfPage":{"@id":"https:\/\/www.oliveoilborsh.com\/en\/product\/vaj-ulliri-i-virgjer\/#primaryimage"},"image":{"@id":"https:\/\/www.oliveoilborsh.com\/en\/product\/vaj-ulliri-i-virgjer\/#primaryimage"},"thumbnailUrl":"https:\/\/www.oliveoilborsh.com\/wp-content\/uploads\/2022\/11\/7.jpg","datePublished":"2022-11-25T09:55:13+00:00","dateModified":"2022-12-08T10:09:18+00:00","breadcrumb":{"@id":"https:\/\/www.oliveoilborsh.com\/en\/product\/vaj-ulliri-i-virgjer\/#breadcrumb"},"inLanguage":"en-US","potentialAction":[{"@type":"ReadAction","target":["https:\/\/www.oliveoilborsh.com\/en\/product\/vaj-ulliri-i-virgjer\/"]}]},{"@type":"ImageObject","inLanguage":"en-US","@id":"https:\/\/www.oliveoilborsh.com\/en\/product\/vaj-ulliri-i-virgjer\/#primaryimage","url":"https:\/\/www.oliveoilborsh.com\/wp-content\/uploads\/2022\/11\/7.jpg","contentUrl":"https:\/\/www.oliveoilborsh.com\/wp-content\/uploads\/2022\/11\/7.jpg","width":600,"height":900},{"@type":"BreadcrumbList","@id":"https:\/\/www.oliveoilborsh.com\/en\/product\/vaj-ulliri-i-virgjer\/#breadcrumb","itemListElement":[{"@type":"ListItem","position":1,"name":"Kreu","item":"http:\/\/www.oliveoilborsh.com\/"},{"@type":"ListItem","position":2,"name":"Produkte","item":"http:\/\/www.oliveoilborsh.com\/produkte\/"},{"@type":"ListItem","position":3,"name":"Vaj ulliri ekstra i virgj\u00ebr (1 lit\u00ebr)"}]},{"@type":"WebSite","@id":"http:\/\/www.oliveoilborsh.com\/#website","url":"http:\/\/www.oliveoilborsh.com\/","name":"Oil Olive Borsh","description":"Oil Olive Borsh","publisher":{"@id":"http:\/\/www.oliveoilborsh.com\/#organization"},"potentialAction":[{"@type":"SearchAction","target":{"@type":"EntryPoint","urlTemplate":"http:\/\/www.oliveoilborsh.com\/?s={search_term_string}"},"query-input":{"@type":"PropertyValueSpecification","valueRequired":true,"valueName":"search_term_string"}}],"inLanguage":"en-US"},{"@type":"Organization","@id":"http:\/\/www.oliveoilborsh.com\/#organization","name":"Oil Olive Borsh","url":"http:\/\/www.oliveoilborsh.com\/","logo":{"@type":"ImageObject","inLanguage":"en-US","@id":"http:\/\/www.oliveoilborsh.com\/#\/schema\/logo\/image\/","url":"https:\/\/www.oliveoilborsh.com\/wp-content\/uploads\/2022\/11\/Logo-Y.HAJDINI.png","contentUrl":"https:\/\/www.oliveoilborsh.com\/wp-content\/uploads\/2022\/11\/Logo-Y.HAJDINI.png","width":3965,"height":3402,"caption":"Vaj Ulliri Borsh"},"image":{"@id":"http:\/\/www.oliveoilborsh.com\/#\/schema\/logo\/image\/"}}]}},"_links":{"self":[{"href":"https:\/\/www.oliveoilborsh.com\/en\/wp-json\/wp\/v2\/product\/7030","targetHints":{"allow":["GET"]}}],"collection":[{"href":"https:\/\/www.oliveoilborsh.com\/en\/wp-json\/wp\/v2\/product"}],"about":[{"href":"https:\/\/www.oliveoilborsh.com\/en\/wp-json\/wp\/v2\/types\/product"}],"replies":[{"embeddable":true,"href":"https:\/\/www.oliveoilborsh.com\/en\/wp-json\/wp\/v2\/comments?post=7030"}],"wp:featuredmedia":[{"embeddable":true,"href":"https:\/\/www.oliveoilborsh.com\/en\/wp-json\/wp\/v2\/media\/7031"}],"wp:attachment":[{"href":"https:\/\/www.oliveoilborsh.com\/en\/wp-json\/wp\/v2\/media?parent=7030"}],"wp:term":[{"taxonomy":"product_brand","embeddable":true,"href":"https:\/\/www.oliveoilborsh.com\/en\/wp-json\/wp\/v2\/product_brand?post=7030"},{"taxonomy":"product_cat","embeddable":true,"href":"https:\/\/www.oliveoilborsh.com\/en\/wp-json\/wp\/v2\/product_cat?post=7030"},{"taxonomy":"product_tag","embeddable":true,"href":"https:\/\/www.oliveoilborsh.com\/en\/wp-json\/wp\/v2\/product_tag?post=7030"}],"curies":[{"name":"wp","href":"https:\/\/api.w.org\/{rel}","templated":true}]}}